{"id":38,"date":"2011-10-28T22:58:14","date_gmt":"2011-10-28T22:58:14","guid":{"rendered":"http:\/\/bayrakinsaat.com.tr\/?page_id=38"},"modified":"2023-10-15T13:15:12","modified_gmt":"2023-10-15T13:15:12","slug":"iletisim","status":"publish","type":"page","link":"https:\/\/www.bayrakinsaat.com.tr\/?page_id=38","title":{"rendered":"\u0130LET\u0130\u015e\u0130M"},"content":{"rendered":"<p><a href=\"http:\/\/bayrakinsaat.com.tr\/wp-content\/uploads\/2011\/10\/contc.jpg\"><img decoding=\"async\" loading=\"lazy\" src=\"http:\/\/bayrakinsaat.com.tr\/wp-content\/uploads\/2011\/10\/contc.jpg\" alt=\"\" title=\"contc\" width=\"630\" height=\"182\" class=\"alignleft size-full wp-image-70\" srcset=\"https:\/\/www.bayrakinsaat.com.tr\/wp-content\/uploads\/2011\/10\/contc.jpg 630w, https:\/\/www.bayrakinsaat.com.tr\/wp-content\/uploads\/2011\/10\/contc-300x86.jpg 300w\" sizes=\"(max-width: 630px) 100vw, 630px\" \/><\/a><br \/>\nKazl\u0131\u00e7e\u015fme Mah. As\u0131m Kazanc\u0131gil Caddesi C Blok No:38 C\/14 Zeytinburnu \/ \u0130STANBUL \/ T\u00dcRK\u0130YE<\/p>\n<p>Tel : +90 212 621 15 80 Pbx<\/p>\n<p>Fax : +90 212 532 32 23<\/p>\n<p>E-Mail : info@bayrakinsaat.com.tr<\/p>\n","protected":false},"excerpt":{"rendered":"<p>Kazl\u0131\u00e7e\u015fme Mah. As\u0131m Kazanc\u0131gil Caddesi C Blok No:38 C\/14 Zeytinburnu \/ \u0130STANBUL \/ T\u00dcRK\u0130YE Tel : +90 212 621 15 80 Pbx Fax : +90 212 532 32 23 E-Mail [&hellip;]<\/p>\n","protected":false},"author":1,"featured_media":0,"parent":0,"menu_order":5,"comment_status":"open","ping_status":"open","template":"","meta":{"footnotes":""},"_links":{"self":[{"href":"https:\/\/www.bayrakinsaat.com.tr\/index.php?rest_route=\/wp\/v2\/pages\/38"}],"collection":[{"href":"https:\/\/www.bayrakinsaat.com.tr\/index.php?rest_route=\/wp\/v2\/pages"}],"about":[{"href":"https:\/\/www.bayrakinsaat.com.tr\/index.php?rest_route=\/wp\/v2\/types\/page"}],"author":[{"embeddable":true,"href":"https:\/\/www.bayrakinsaat.com.tr\/index.php?rest_route=\/wp\/v2\/users\/1"}],"replies":[{"embeddable":true,"href":"https:\/\/www.bayrakinsaat.com.tr\/index.php?rest_route=%2Fwp%2Fv2%2Fcomments&post=38"}],"version-history":[{"count":11,"href":"https:\/\/www.bayrakinsaat.com.tr\/index.php?rest_route=\/wp\/v2\/pages\/38\/revisions"}],"predecessor-version":[{"id":173,"href":"https:\/\/www.bayrakinsaat.com.tr\/index.php?rest_route=\/wp\/v2\/pages\/38\/revisions\/173"}],"wp:attachment":[{"href":"https:\/\/www.bayrakinsaat.com.tr\/index.php?rest_route=%2Fwp%2Fv2%2Fmedia&parent=38"}],"curies":[{"name":"wp","href":"https:\/\/api.w.org\/{rel}","templated":true}]}}