{"id":142,"date":"2011-11-16T23:49:09","date_gmt":"2011-11-16T23:49:09","guid":{"rendered":"http:\/\/bayrakinsaat.com.tr\/?page_id=142"},"modified":"2012-03-20T12:10:51","modified_gmt":"2012-03-20T12:10:51","slug":"degerleri","status":"publish","type":"page","link":"https:\/\/www.bayrakinsaat.com.tr\/?page_id=142","title":{"rendered":"De\u011ferleri"},"content":{"rendered":"<p>\nBAYRAK \u0130N\u015eAAT ] Marka De\u011ferleri<\/p>\n<p>BAYRAK \u0130N\u015eAAT Marka De\u011ferleri, faaliyet g\u00f6sterdi\u011fimiz sekt\u00f6rlerde, birlikte \u00e7al\u0131\u015ft\u0131\u011f\u0131m\u0131z m\u00fc\u015fterilerimize ve i\u015f ortaklar\u0131m\u0131za katt\u0131klar\u0131m\u0131zla birlikte; koruduklar\u0131m\u0131z, geli\u015ftirdiklerimiz ve yeniden yaratt\u0131klar\u0131m\u0131z arac\u0131l\u0131\u011f\u0131yla toplumumuza katt\u0131\u011f\u0131m\u0131z de\u011ferlerin b\u00fct\u00fcn\u00fcd\u00fcr.<\/p>\n<p>Sahip oldu\u011fumuz t\u00fcm kaynaklar\u0131 m\u00fc\u015fterilerimizin ihtiya\u00e7lar\u0131, beklentileri ve memnuniyetleri do\u011frultusunda kullanmak<br \/>\nProjelerimizle \u015fehrin \u00e7evresel, tarihsel ve k\u00fclt\u00fcrel dokusuna uyum sa\u011flamak<br \/>\nY\u00f6netici kadromuz, teknik ve idari personelimiz ile \u00e7a\u011f\u0131n mimari gereklerini yerine getirerek, hitap edilen toplum de\u011ferlerine uygun ya\u015fam alanlar\u0131 \u00fcretmek<br \/>\nToplumsal ya\u015fam standartlar\u0131n\u0131n iyile\u015ftirilmesine ve geli\u015ftirilmesine hizmet etmek<br \/>\n\u0130leri teknolojiyi, do\u011fru \u00e7\u00f6z\u00fcm ortaklar\u0131n\u0131, kaliteli malzeme kullan\u0131m\u0131n\u0131, titiz mimarl\u0131k ve m\u00fchendislik hizmetlerini ayn\u0131 potada eriterek, t\u00fcm projelerimize uygulamak<br \/>\nS\u00fcrekli \u00fcretkenlik politikam\u0131zla yeni istihdam alanlar\u0131 yaratarak, ekonomiye katk\u0131da bulunmak<br \/>\n\u00c7arp\u0131k ve ka\u00e7ak yap\u0131la\u015fman\u0131n \u00f6n\u00fcne ge\u00e7mek i\u00e7in &#8216;Kentsel D\u00f6n\u00fc\u015f\u00fcm Projeleri&#8217;ne destek vermek<br \/>\nGerek do\u011fal afetler gerek asayi\u015f a\u00e7\u0131s\u0131ndan g\u00fcvenli ya\u015fam alanlar\u0131 in\u015fa etmek ;<\/p>\n<p>Bayrak \u0130n\u015faat \u0130lkeleri<\/p>\n<p>H\u0131zl\u0131 ve kaliteli \u00fcret, ya\u015fama de\u011fer kat.<br \/>\nDo\u011fal dokuyu koru, ya\u015fama sayg\u0131 g\u00f6ster.<br \/>\nHizmet s\u00fcreklili\u011fini sa\u011fla, ya\u015fama destek ol.<br \/>\nBina mimar\u0131 de\u011fil, ya\u015fam mimar\u0131 ol.<\/p>\n","protected":false},"excerpt":{"rendered":"<p>BAYRAK \u0130N\u015eAAT ] Marka De\u011ferleri BAYRAK \u0130N\u015eAAT Marka De\u011ferleri, faaliyet g\u00f6sterdi\u011fimiz sekt\u00f6rlerde, birlikte \u00e7al\u0131\u015ft\u0131\u011f\u0131m\u0131z m\u00fc\u015fterilerimize ve i\u015f ortaklar\u0131m\u0131za katt\u0131klar\u0131m\u0131zla birlikte; koruduklar\u0131m\u0131z, geli\u015ftirdiklerimiz ve yeniden yaratt\u0131klar\u0131m\u0131z arac\u0131l\u0131\u011f\u0131yla toplumumuza katt\u0131\u011f\u0131m\u0131z de\u011ferlerin b\u00fct\u00fcn\u00fcd\u00fcr. [&hellip;]<\/p>\n","protected":false},"author":1,"featured_media":0,"parent":12,"menu_order":5,"comment_status":"open","ping_status":"open","template":"","meta":{"footnotes":""},"_links":{"self":[{"href":"https:\/\/www.bayrakinsaat.com.tr\/index.php?rest_route=\/wp\/v2\/pages\/142"}],"collection":[{"href":"https:\/\/www.bayrakinsaat.com.tr\/index.php?rest_route=\/wp\/v2\/pages"}],"about":[{"href":"https:\/\/www.bayrakinsaat.com.tr\/index.php?rest_route=\/wp\/v2\/types\/page"}],"author":[{"embeddable":true,"href":"https:\/\/www.bayrakinsaat.com.tr\/index.php?rest_route=\/wp\/v2\/users\/1"}],"replies":[{"embeddable":true,"href":"https:\/\/www.bayrakinsaat.com.tr\/index.php?rest_route=%2Fwp%2Fv2%2Fcomments&post=142"}],"version-history":[{"count":2,"href":"https:\/\/www.bayrakinsaat.com.tr\/index.php?rest_route=\/wp\/v2\/pages\/142\/revisions"}],"predecessor-version":[{"id":169,"href":"https:\/\/www.bayrakinsaat.com.tr\/index.php?rest_route=\/wp\/v2\/pages\/142\/revisions\/169"}],"up":[{"embeddable":true,"href":"https:\/\/www.bayrakinsaat.com.tr\/index.php?rest_route=\/wp\/v2\/pages\/12"}],"wp:attachment":[{"href":"https:\/\/www.bayrakinsaat.com.tr\/index.php?rest_route=%2Fwp%2Fv2%2Fmedia&parent=142"}],"curies":[{"name":"wp","href":"https:\/\/api.w.org\/{rel}","templated":true}]}}