{"id":140,"date":"2011-11-16T23:45:31","date_gmt":"2011-11-16T23:45:31","guid":{"rendered":"http:\/\/bayrakinsaat.com.tr\/?page_id=140"},"modified":"2011-11-16T23:45:31","modified_gmt":"2011-11-16T23:45:31","slug":"misyon-vizyon","status":"publish","type":"page","link":"https:\/\/www.bayrakinsaat.com.tr\/?page_id=140","title":{"rendered":"Misyon &#038; Vizyon"},"content":{"rendered":"<p>Vizyonumuz;<br \/>\nTemeli insana ve do\u011faya sayg\u0131 olan, bireyin do\u011fall\u0131\u011f\u0131yla ba\u011f\u0131n\u0131 koparmadan modernlik, mimari ve teknolojiden \u00fcst d\u00fczeyde faydalanmas\u0131n\u0131 sa\u011flamak ve bu sayede Ya\u015fam Mimarl\u0131\u011f\u0131 felsefemizi, t\u00fcm d\u00fcnyaya \u00f6rnek olu\u015fturaca\u011f\u0131m\u0131z\u0131 g\u00f6zden ka\u00e7\u0131rmadan ya\u015fam prati\u011fine aktarmak.<\/p>\n<p>Misyonumuz;<\/p>\n<p>\u0130nsan\u0131n ilk \u00e7a\u011flardan beri s\u00fcregelen yuva ihtiyac\u0131n\u0131, ona do\u011fal ve modern olanaklarla \u00e7evrelenmi\u015f olarak sunmak.<br \/>\n\u00d6ncelikle sosyal, sportif ve k\u00fclt\u00fcrel aktivitelerle ba\u011f\u0131n\u0131 eksiksiz kurarak, do\u011fal yuva ihtiyac\u0131n\u0131 sa\u011flam bir zemine oturtmak.<br \/>\nSonra modernlik, mimari m\u00fckemmellik ve teknolojinin ak\u0131ll\u0131 kullan\u0131m\u0131yla insan\u0131 gelece\u011fe ta\u015f\u0131mak ve b\u00f6ylelikle y\u00fcceltmek.<\/p>\n","protected":false},"excerpt":{"rendered":"<p>Vizyonumuz; Temeli insana ve do\u011faya sayg\u0131 olan, bireyin do\u011fall\u0131\u011f\u0131yla ba\u011f\u0131n\u0131 koparmadan modernlik, mimari ve teknolojiden \u00fcst d\u00fczeyde faydalanmas\u0131n\u0131 sa\u011flamak ve bu sayede Ya\u015fam Mimarl\u0131\u011f\u0131 felsefemizi, t\u00fcm d\u00fcnyaya \u00f6rnek olu\u015fturaca\u011f\u0131m\u0131z\u0131 g\u00f6zden [&hellip;]<\/p>\n","protected":false},"author":1,"featured_media":0,"parent":12,"menu_order":3,"comment_status":"open","ping_status":"open","template":"","meta":{"footnotes":""},"_links":{"self":[{"href":"https:\/\/www.bayrakinsaat.com.tr\/index.php?rest_route=\/wp\/v2\/pages\/140"}],"collection":[{"href":"https:\/\/www.bayrakinsaat.com.tr\/index.php?rest_route=\/wp\/v2\/pages"}],"about":[{"href":"https:\/\/www.bayrakinsaat.com.tr\/index.php?rest_route=\/wp\/v2\/types\/page"}],"author":[{"embeddable":true,"href":"https:\/\/www.bayrakinsaat.com.tr\/index.php?rest_route=\/wp\/v2\/users\/1"}],"replies":[{"embeddable":true,"href":"https:\/\/www.bayrakinsaat.com.tr\/index.php?rest_route=%2Fwp%2Fv2%2Fcomments&post=140"}],"version-history":[{"count":1,"href":"https:\/\/www.bayrakinsaat.com.tr\/index.php?rest_route=\/wp\/v2\/pages\/140\/revisions"}],"predecessor-version":[{"id":141,"href":"https:\/\/www.bayrakinsaat.com.tr\/index.php?rest_route=\/wp\/v2\/pages\/140\/revisions\/141"}],"up":[{"embeddable":true,"href":"https:\/\/www.bayrakinsaat.com.tr\/index.php?rest_route=\/wp\/v2\/pages\/12"}],"wp:attachment":[{"href":"https:\/\/www.bayrakinsaat.com.tr\/index.php?rest_route=%2Fwp%2Fv2%2Fmedia&parent=140"}],"curies":[{"name":"wp","href":"https:\/\/api.w.org\/{rel}","templated":true}]}}