{"id":14,"date":"2011-10-28T17:29:31","date_gmt":"2011-10-28T17:29:31","guid":{"rendered":"http:\/\/bayrakinsaat.com.tr\/?page_id=14"},"modified":"2011-10-29T07:59:55","modified_gmt":"2011-10-29T07:59:55","slug":"projlerimiz","status":"publish","type":"page","link":"https:\/\/www.bayrakinsaat.com.tr\/?page_id=14","title":{"rendered":"TAMAMLANAN PROJELER"},"content":{"rendered":"<p><a href=\"http:\/\/bayrakinsaat.com.tr\/wp-content\/uploads\/2011\/10\/tamamlanan.jpg\"><img decoding=\"async\" loading=\"lazy\" src=\"http:\/\/bayrakinsaat.com.tr\/wp-content\/uploads\/2011\/10\/tamamlanan.jpg\" alt=\"\" title=\"tamamlanan\" width=\"600\" height=\"250\" class=\"alignleft size-full wp-image-68\" srcset=\"https:\/\/www.bayrakinsaat.com.tr\/wp-content\/uploads\/2011\/10\/tamamlanan.jpg 600w, https:\/\/www.bayrakinsaat.com.tr\/wp-content\/uploads\/2011\/10\/tamamlanan-300x125.jpg 300w\" sizes=\"(max-width: 600px) 100vw, 600px\" \/><\/a><br \/>\nFirmam\u0131z kurulu\u015fundan itibaren toplam kalite y\u00f6netimi \u00e7er\u00e7evesinde ger\u00e7ekle\u015ftirdi\u011fi taahh\u00fctlerle k\u0131sa zamanda in\u015faat sekt\u00f6r\u00fcn\u00fcn \u00f6nc\u00fc kurulu\u015flar\u0131 aras\u0131na girme ba\u015far\u0131s\u0131 g\u00f6stermi\u015ftir.<\/p>\n<p>> iSTO\u00c7 OTO GALER\u0130 KAPA \u0130N\u015eAATLARI    Toplam \u0130n\u015faat Alan\u0131 39.000 m2  Yap\u0131m S\u00fcresi : 10 Ay<\/p>\n<p>> BA\u015eAK\u015eEH\u0130R TOPLU KONUT 91 Adet Villa \u0130n\u015faat\u0131<\/p>\n<p>> BEYKOZ\u2019DA M\u00dcSTAK\u0130L V\u0130LLA UYGULAMALARI<\/p>\n<p>> BAKIRK\u00d6Y\u2019DE 12 DA\u0130REL\u0130 KONUT<\/p>\n<p>> FAT\u0130H\u2019DE 6 DA\u0130REL\u0130 KONUT<\/p>\n<p>> T\u00dcRK TELEKOM\u2019A A\u0130T TELEFON SANTRAL\u0130 VE LOJMAN B\u0130NASI<\/p>\n<p>> T\u00dcRK TELEKOM\u2019A A\u0130T \u00c7EL\u0130K KONSTR\u00dcKS\u0130YON HANGAR B\u0130NALARI<\/p>\n","protected":false},"excerpt":{"rendered":"<p>Firmam\u0131z kurulu\u015fundan itibaren toplam kalite y\u00f6netimi \u00e7er\u00e7evesinde ger\u00e7ekle\u015ftirdi\u011fi taahh\u00fctlerle k\u0131sa zamanda in\u015faat sekt\u00f6r\u00fcn\u00fcn \u00f6nc\u00fc kurulu\u015flar\u0131 aras\u0131na girme ba\u015far\u0131s\u0131 g\u00f6stermi\u015ftir. > iSTO\u00c7 OTO GALER\u0130 KAPA \u0130N\u015eAATLARI Toplam \u0130n\u015faat Alan\u0131 39.000 m2 [&hellip;]<\/p>\n","protected":false},"author":1,"featured_media":0,"parent":0,"menu_order":2,"comment_status":"open","ping_status":"open","template":"","meta":{"footnotes":""},"_links":{"self":[{"href":"https:\/\/www.bayrakinsaat.com.tr\/index.php?rest_route=\/wp\/v2\/pages\/14"}],"collection":[{"href":"https:\/\/www.bayrakinsaat.com.tr\/index.php?rest_route=\/wp\/v2\/pages"}],"about":[{"href":"https:\/\/www.bayrakinsaat.com.tr\/index.php?rest_route=\/wp\/v2\/types\/page"}],"author":[{"embeddable":true,"href":"https:\/\/www.bayrakinsaat.com.tr\/index.php?rest_route=\/wp\/v2\/users\/1"}],"replies":[{"embeddable":true,"href":"https:\/\/www.bayrakinsaat.com.tr\/index.php?rest_route=%2Fwp%2Fv2%2Fcomments&post=14"}],"version-history":[{"count":4,"href":"https:\/\/www.bayrakinsaat.com.tr\/index.php?rest_route=\/wp\/v2\/pages\/14\/revisions"}],"predecessor-version":[{"id":69,"href":"https:\/\/www.bayrakinsaat.com.tr\/index.php?rest_route=\/wp\/v2\/pages\/14\/revisions\/69"}],"wp:attachment":[{"href":"https:\/\/www.bayrakinsaat.com.tr\/index.php?rest_route=%2Fwp%2Fv2%2Fmedia&parent=14"}],"curies":[{"name":"wp","href":"https:\/\/api.w.org\/{rel}","templated":true}]}}