{"id":12,"date":"2011-10-28T17:28:17","date_gmt":"2011-10-28T17:28:17","guid":{"rendered":"http:\/\/bayrakinsaat.com.tr\/?page_id=12"},"modified":"2011-10-28T23:16:43","modified_gmt":"2011-10-28T23:16:43","slug":"kurumsal","status":"publish","type":"page","link":"https:\/\/www.bayrakinsaat.com.tr\/?page_id=12","title":{"rendered":"KURUMSAL"},"content":{"rendered":"<p><a href=\"http:\/\/bayrakinsaat.com.tr\/wp-content\/uploads\/2011\/10\/firma1.jpg\"><img decoding=\"async\" loading=\"lazy\" src=\"http:\/\/bayrakinsaat.com.tr\/wp-content\/uploads\/2011\/10\/firma1-214x300.jpg\" alt=\"\" title=\"firma\" width=\"214\" height=\"300\" class=\"alignleft size-medium wp-image-18\" srcset=\"https:\/\/www.bayrakinsaat.com.tr\/wp-content\/uploads\/2011\/10\/firma1-214x300.jpg 214w, https:\/\/www.bayrakinsaat.com.tr\/wp-content\/uploads\/2011\/10\/firma1.jpg 286w\" sizes=\"(max-width: 214px) 100vw, 214px\" \/><\/a>Bayrak \u0130n\u015faat Turizm San. ve Ticaret Ltd.\u015eti 1993 y\u0131l\u0131nda kuruldu. Firmam\u0131z kurulu\u015fundan itibaren toplam kalite y\u00f6netimi \u00e7er\u00e7evesinde ger\u00e7ekle\u015ftirdi\u011fi projelerle projelerle, yerine getirdi\u011fi taahh\u00fctlerle k\u0131sa zamanda in\u015faat sekt\u00f6r\u00fcn\u00fcn \u00f6nc\u00fc kurulu\u015flar\u0131 aras\u0131na girme ba\u015far\u0131s\u0131 g\u00f6stermi\u015ftir.Bayrak \u0130n\u015faat; \u0130n\u015faat\u00e7\u0131l\u0131k sekt\u00f6r\u00fcnde yerini ald\u0131ktan sonra genel anlamda temizlik ve hizmet sekt\u00f6r\u00fcne girerek faaliyet alanlar\u0131n\u0131 geni\u015fletmi\u015ftir.<\/p>\n<blockquote>\n<p>Bayrak \u0130n\u015faat 12 y\u0131ll\u0131k birikimiyle, toplam kalite y\u00f6netimi anlay\u0131\u015f\u0131yla, \u00f6nce insan hak ve onuru prensibiyle in\u015faat, taahh\u00fct ve temizlik alan\u0131nda faaliyet g\u00f6stermektedir. Firmam\u0131z; toplu konutlar, \u00f6zel in\u015faatlar, kooperatifler in\u015faatlar\u0131, i\u015f merkezleri, villa in\u015faatlar\u0131, kat kar\u015f\u0131l\u0131\u011f\u0131 in\u015faatlar, taaahh\u00fctler, altyap\u0131 \u00e7al\u0131\u015fmalar\u0131, \u00e7evre d\u00fczenlemeleri, kent temizli\u011fi, kat\u0131 at\u0131k toplama, transfer ve ta\u015f\u0131ma i\u015flerini ISO kalitesi standartlar\u0131nda s\u00fcrd\u00fcrmektedir.<\/p>\n<p>Bayrak \u0130n\u015faat olarak hedefimiz; \u00e7a\u011fda\u015f teknolojiden yararlanarak y\u00fcksek kalite ve verimlili\u011fi ger\u00e7ekle\u015ftirebilmek, insan  hak ve onuruna yak\u0131\u015f\u0131r \u00fcretim olu\u015fturup \u00fcst de\u011ferler ortaya koyabilmek, \u00fclkemizin iktisadi ve sosyal kalk\u0131nmas\u0131n\u0131 katk\u0131 sa\u011flayarak istihdam alanlar\u0131 olu\u015fturabilmektir.<\/p>\n<p>Referanslar\u0131m\u0131z 12 y\u0131l i\u00e7erisinde ger\u00e7ekle\u015ftirdi\u011fimiz projeler, bitirdi\u011fimiz i\u015flerimizdir.<\/p>\n","protected":false},"excerpt":{"rendered":"<p>Bayrak \u0130n\u015faat Turizm San. ve Ticaret Ltd.\u015eti 1993 y\u0131l\u0131nda kuruldu. Firmam\u0131z kurulu\u015fundan itibaren toplam kalite y\u00f6netimi \u00e7er\u00e7evesinde ger\u00e7ekle\u015ftirdi\u011fi projelerle projelerle, yerine getirdi\u011fi taahh\u00fctlerle k\u0131sa zamanda in\u015faat sekt\u00f6r\u00fcn\u00fcn \u00f6nc\u00fc kurulu\u015flar\u0131 aras\u0131na [&hellip;]<\/p>\n","protected":false},"author":1,"featured_media":0,"parent":0,"menu_order":1,"comment_status":"open","ping_status":"open","template":"","meta":{"footnotes":""},"_links":{"self":[{"href":"https:\/\/www.bayrakinsaat.com.tr\/index.php?rest_route=\/wp\/v2\/pages\/12"}],"collection":[{"href":"https:\/\/www.bayrakinsaat.com.tr\/index.php?rest_route=\/wp\/v2\/pages"}],"about":[{"href":"https:\/\/www.bayrakinsaat.com.tr\/index.php?rest_route=\/wp\/v2\/types\/page"}],"author":[{"embeddable":true,"href":"https:\/\/www.bayrakinsaat.com.tr\/index.php?rest_route=\/wp\/v2\/users\/1"}],"replies":[{"embeddable":true,"href":"https:\/\/www.bayrakinsaat.com.tr\/index.php?rest_route=%2Fwp%2Fv2%2Fcomments&post=12"}],"version-history":[{"count":3,"href":"https:\/\/www.bayrakinsaat.com.tr\/index.php?rest_route=\/wp\/v2\/pages\/12\/revisions"}],"predecessor-version":[{"id":49,"href":"https:\/\/www.bayrakinsaat.com.tr\/index.php?rest_route=\/wp\/v2\/pages\/12\/revisions\/49"}],"wp:attachment":[{"href":"https:\/\/www.bayrakinsaat.com.tr\/index.php?rest_route=%2Fwp%2Fv2%2Fmedia&parent=12"}],"curies":[{"name":"wp","href":"https:\/\/api.w.org\/{rel}","templated":true}]}}