{"id":114,"date":"2011-11-16T23:22:00","date_gmt":"2011-11-16T23:22:00","guid":{"rendered":"http:\/\/bayrakinsaat.com.tr\/?page_id=114"},"modified":"2011-11-16T23:23:13","modified_gmt":"2011-11-16T23:23:13","slug":"istoc-ilkogretim-okulu","status":"publish","type":"page","link":"https:\/\/www.bayrakinsaat.com.tr\/?page_id=114","title":{"rendered":"\u0130sto\u00e7 \u0130lk\u00f6\u011fretim Okulu"},"content":{"rendered":"<p><a href=\"http:\/\/bayrakinsaat.com.tr\/wp-content\/uploads\/2011\/11\/sayfa14.gif\"><img decoding=\"async\" loading=\"lazy\" src=\"http:\/\/bayrakinsaat.com.tr\/wp-content\/uploads\/2011\/11\/sayfa14.gif\" alt=\"\" title=\"sayfa14\" width=\"677\" height=\"795\" class=\"alignleft size-full wp-image-115\" \/><\/a><\/p>\n","protected":false},"excerpt":{"rendered":"","protected":false},"author":1,"featured_media":0,"parent":14,"menu_order":6,"comment_status":"open","ping_status":"open","template":"","meta":{"footnotes":""},"_links":{"self":[{"href":"https:\/\/www.bayrakinsaat.com.tr\/index.php?rest_route=\/wp\/v2\/pages\/114"}],"collection":[{"href":"https:\/\/www.bayrakinsaat.com.tr\/index.php?rest_route=\/wp\/v2\/pages"}],"about":[{"href":"https:\/\/www.bayrakinsaat.com.tr\/index.php?rest_route=\/wp\/v2\/types\/page"}],"author":[{"embeddable":true,"href":"https:\/\/www.bayrakinsaat.com.tr\/index.php?rest_route=\/wp\/v2\/users\/1"}],"replies":[{"embeddable":true,"href":"https:\/\/www.bayrakinsaat.com.tr\/index.php?rest_route=%2Fwp%2Fv2%2Fcomments&post=114"}],"version-history":[{"count":3,"href":"https:\/\/www.bayrakinsaat.com.tr\/index.php?rest_route=\/wp\/v2\/pages\/114\/revisions"}],"predecessor-version":[{"id":118,"href":"https:\/\/www.bayrakinsaat.com.tr\/index.php?rest_route=\/wp\/v2\/pages\/114\/revisions\/118"}],"up":[{"embeddable":true,"href":"https:\/\/www.bayrakinsaat.com.tr\/index.php?rest_route=\/wp\/v2\/pages\/14"}],"wp:attachment":[{"href":"https:\/\/www.bayrakinsaat.com.tr\/index.php?rest_route=%2Fwp%2Fv2%2Fmedia&parent=114"}],"curies":[{"name":"wp","href":"https:\/\/api.w.org\/{rel}","templated":true}]}}